{"id":1110,"date":"2022-10-11T12:42:20","date_gmt":"2022-10-11T10:42:20","guid":{"rendered":"https:\/\/test.huelladelasuerte.es\/politique-de-protection-des-donnees\/"},"modified":"2023-07-03T14:13:23","modified_gmt":"2023-07-03T12:13:23","slug":"politique-de-protection-des-donnees","status":"publish","type":"page","link":"https:\/\/test.huelladelasuerte.es\/fr\/politique-de-protection-des-donnees\/","title":{"rendered":"Politique de protection des donn\u00e9es"},"content":{"rendered":"\n<p><strong>Informations conformes \u00e0 la r\u00e9glementation en mati\u00e8re de protection des donn\u00e9es personnelles<\/strong><\/p>\n\n<p>En Europe et en Espagne, il existe des r\u00e9glementations en mati\u00e8re de protection des donn\u00e9es con\u00e7ues pour prot\u00e9ger vos informations personnelles et qui sont obligatoires pour notre entreprise.<\/p>\n\n<p>Il est donc tr\u00e8s important pour nous que vous compreniez parfaitement ce que nous ferons des donn\u00e9es personnelles que nous vous demandons. Nous serons donc transparents et vous donnerons le contr\u00f4le de vos donn\u00e9es, avec un langage simple et des choix clairs qui vous permettront de d\u00e9cider de ce que nous ferons de vos informations personnelles.<\/p>\n\n<p>N&rsquo;h\u00e9sitez pas \u00e0 nous contacter si vous avez des questions apr\u00e8s avoir lu ces informations.<\/p>\n\n<p>Merci beaucoup pour votre coop\u00e9ration.<\/p>\n\n<h2 class=\"wp-block-heading\"><strong>Responsable du traitement des donn\u00e9es \u00e0 caract\u00e8re personnel<\/strong><\/h2>\n\n<p>Nom : Protecciones y LacadosS.L.<\/p>\n\n<p>CIF \/ NIF : B41065418<\/p>\n\n<p>Activit\u00e9 principale : commerce de profil\u00e9s et d&rsquo;accessoires en aluminium.<\/p>\n\n<p>Adresse : Pol. Ind. Fridex Calle Siete, Parcela 10, CP 41500, Alcal\u00e1 de Guadaira (Sevilla)<\/p>\n\n<p>Num\u00e9ro de t\u00e9l\u00e9phone de contact : 955630138<\/p>\n\n<p>Adresse \u00e9lectronique de contact : info@test.huelladelasuerte.es<\/p>\n\n<p>Site web : www.proylac.com<\/p>\n\n<p>Pour votre confiance et votre s\u00e9curit\u00e9, nous vous informons que nous sommes une entit\u00e9 inscrite au Registre du Commerce \/ Registre Public suivant : Volume 423, Livre 62, 2\u00e8me Section des Soci\u00e9t\u00e9s, Folio 52, Page 6.098, 1\u00e8re Inscription.<\/p>\n\n<p>Nous sommes \u00e0 votre disposition, n&rsquo;h\u00e9sitez pas \u00e0 nous contacter.<\/p>\n\n<p><strong>PROTECTION DES DONN\u00c9ES<\/strong><\/p>\n\n<p><strong>R\u00e8glements et principes applicables \u00e0 la protection des donn\u00e9es personnelles<\/strong><\/p>\n\n<p>La collecte, le traitement et l&rsquo;utilisation ult\u00e9rieure des donn\u00e9es personnelles par Protecciones y Lacados sont soumis au r\u00e8glement.  <em>UE 2016\/671<\/em> R\u00e8glement g\u00e9n\u00e9ral sur la protection des donn\u00e9es, dat\u00e9 du 27 avril 2016 (ci-apr\u00e8s d\u00e9nomm\u00e9 \u00ab\u00a0R\u00e8glement g\u00e9n\u00e9ral sur la protection des donn\u00e9es\u00a0\u00bb).  <em>GDPR<\/em>), et aux r\u00e8glements espagnols mettant en \u0153uvre le GDPR \u00e0 partir de sa date d&rsquo;application le 25 mai 2018 ;<\/p>\n\n<p>Protecciones y Lacados traite les donn\u00e9es personnelles de ses utilisateurs conform\u00e9ment aux principes suivants (\u00e9tablis dans la r\u00e9glementation susmentionn\u00e9e) :<\/p>\n\n<ul class=\"wp-block-list\"><li>a. Traiter les donn\u00e9es des utilisateurs de mani\u00e8re l\u00e9gale, \u00e9quitable et transparente.<\/li><li>b. Traiter les donn\u00e9es d&rsquo;une mani\u00e8re limit\u00e9e \u00e0 la finalit\u00e9 pour laquelle elles ont \u00e9t\u00e9 collect\u00e9es.<\/li><li>c. Minimisation des donn\u00e9es : traitement des donn\u00e9es ad\u00e9quat, pertinent et limit\u00e9 \u00e0 ce qui est n\u00e9cessaire.<\/li><li>d. Exactitude : traitement de donn\u00e9es exactes et, le cas \u00e9ch\u00e9ant, actualis\u00e9es.<\/li><li>e. Limitation de la dur\u00e9e de conservation (pas plus longtemps que n\u00e9cessaire pour la finalit\u00e9).<\/li><li>e. Int\u00e9grit\u00e9 et confidentialit\u00e9 (assurer un niveau de s\u00e9curit\u00e9 ad\u00e9quat).<\/li><\/ul>\n<p><strong>\u00c0 quelles fins utilisons-nous vos donn\u00e9es personnelles ?<\/strong><\/p>\n\n<p>Protecciones y Lacados n&rsquo;utilise vos donn\u00e9es personnelles qu&rsquo;aux fins suivantes :<\/p>\n\n<ul class=\"wp-block-list\"><li>1. traiter vos demandes ou requ\u00eates, g\u00e9rer toutes les communications et vous fournir toutes les informations que vous nous demandez ;<\/li><li>2. vous informer sur nos services et nos promotions ;<\/li><li>3. Faciliter les promotions personnalis\u00e9es avec nos partenaires commerciaux ou l&rsquo;acc\u00e8s \u00e0 des promotions exclusives.<\/li><li>4. Avec votre consentement, vous fournir de la publicit\u00e9 pour des produits ou services de soci\u00e9t\u00e9s tierces en rapport avec nous, vos int\u00e9r\u00eats et nos services, ainsi que tout autre produit ou service.<\/li><li>5. R\u00e9aliser des statistiques, conna\u00eetre le trafic et l&rsquo;utilisation de nos sites web, APPs ou autres plateformes.<\/li><li>6. Pour vous montrer des informations promotionnelles ou de la publicit\u00e9 sur nos services, en fonction de vos int\u00e9r\u00eats.<\/li><\/ul>\n<p><strong>Comment recueillons-nous les donn\u00e9es personnelles de nos utilisateurs ?<\/strong><\/p>\n\n<p>Nous prot\u00e9gerons vos donn\u00e9es par des mesures de s\u00e9curit\u00e9 efficaces correspondant aux risques associ\u00e9s \u00e0 l&rsquo;utilisation de vos informations.<\/p>\n\n<p>\u00c0 cette fin, nous avons approuv\u00e9 une politique de protection des donn\u00e9es et des contr\u00f4les et audits annuels sont effectu\u00e9s pour garantir que vos donn\u00e9es personnelles sont s\u00e9curis\u00e9es \u00e0 tout moment.<\/p>\n\n<p><strong>Pourquoi avons-nous besoin d&rsquo;utiliser vos donn\u00e9es ?<\/strong><\/p>\n\n<p>Vos donn\u00e9es personnelles sont n\u00e9cessaires pour que nous puissions interagir avec vous et vous fournir nos services. \u00c0 cet \u00e9gard, nous vous fournirons un certain nombre de cases \u00e0 cocher qui vous permettront de faire un choix clair et simple quant \u00e0 l&rsquo;utilisation de vos informations personnelles.<\/p>\n\n<p><strong>Qui conna\u00eetra les informations que nous demandons ?<\/strong><\/p>\n\n<p>En g\u00e9n\u00e9ral, seul le personnel d\u00fbment autoris\u00e9 de notre organisation peut avoir acc\u00e8s aux informations que nous vous demandons.<\/p>\n\n<p>De m\u00eame, vos informations personnelles peuvent \u00eatre divulgu\u00e9es aux entit\u00e9s qui doivent y avoir acc\u00e8s pour que nous puissions vous fournir nos services. Par exemple, notre banque conna\u00eetra vos coordonn\u00e9es si vous payez nos services par carte de cr\u00e9dit ou par virement bancaire.<\/p>\n\n<p>Les entit\u00e9s publiques ou priv\u00e9es auxquelles nous sommes oblig\u00e9s de fournir vos donn\u00e9es personnelles pour nous conformer \u00e0 la loi auront \u00e9galement connaissance de vos informations. Pour vous donner un exemple, la loi fiscale oblige \u00e0 fournir \u00e0 l&rsquo;agence fiscale certaines informations sur les transactions \u00e9conomiques d\u00e9passant un certain montant.<\/p>\n\n<p>Si, en dehors des cas mentionn\u00e9s ci-dessus, nous devons divulguer vos informations personnelles \u00e0 d&rsquo;autres entit\u00e9s, nous vous demanderons votre autorisation pr\u00e9alable par le biais d&rsquo;options claires qui vous permettront de prendre une d\u00e9cision \u00e0 cet \u00e9gard.<\/p>\n\n<p><strong>Envoyons-nous vos donn\u00e9es \u00e0 d&rsquo;autres pays ?<\/strong><\/p>\n\n<p>L&rsquo;Union europ\u00e9enne est un environnement s\u00fbr pour vos donn\u00e9es. Nous avons pour principe de ne pas envoyer vos informations personnelles dans un pays qui n&rsquo;est pas s\u00fbr du point de vue de la protection des donn\u00e9es.<\/p>\n\n<p>Dans le cas o\u00f9, pour vous fournir le service, il est indispensable d&rsquo;envoyer vos donn\u00e9es dans un pays qui n&rsquo;est pas aussi s\u00fbr que l&rsquo;Espagne, nous vous demanderons toujours votre autorisation pr\u00e9alable et nous mettrons en \u0153uvre des mesures de s\u00e9curit\u00e9 efficaces pour r\u00e9duire les risques li\u00e9s \u00e0 l&rsquo;envoi de vos informations personnelles dans un autre pays.<\/p>\n\n<p><strong>Combien de temps conserverons-nous vos donn\u00e9es ?<\/strong><\/p>\n\n<p>Nous conserverons vos donn\u00e9es pendant toute la dur\u00e9e de notre relation et aussi longtemps que la loi nous y oblige. Une fois que les d\u00e9lais l\u00e9gaux applicables ont expir\u00e9, nous les \u00e9liminons d&rsquo;une mani\u00e8re s\u00fbre et respectueuse de l&rsquo;environnement.<\/p>\n\n<p><strong>Quels sont vos droits en mati\u00e8re de protection des donn\u00e9es ?<\/strong><\/p>\n\n<p>Vous pouvez nous contacter \u00e0 tout moment pour conna\u00eetre les informations que nous d\u00e9tenons \u00e0 votre sujet, les rectifier si elles sont incorrectes et les supprimer apr\u00e8s la fin de notre relation, lorsque cela est l\u00e9galement possible.<\/p>\n\n<p>Vous avez \u00e9galement le droit de demander le transfert de vos informations \u00e0 une autre entit\u00e9. Ce droit est appel\u00e9 \u00ab\u00a0portabilit\u00e9\u00a0\u00bb et peut \u00eatre utile dans certaines situations. Pour faire valoir l&rsquo;un de ces droits, vous devez en faire la demande par \u00e9crit \u00e0 notre adresse, accompagn\u00e9e d&rsquo;une photocopie de votre carte d&rsquo;identit\u00e9, afin que nous puissions vous identifier. Des formulaires sp\u00e9cifiques sont disponibles dans nos bureaux pour demander ces droits et nous vous offrons notre aide pour les remplir. Pour en savoir plus sur vos droits en mati\u00e8re de protection des donn\u00e9es, vous pouvez consulter le site web de l&rsquo;Agence espagnole de protection des donn\u00e9es<a href=\"https:\/\/www.agpd.es\/\" target=\"_blank\" rel=\"noreferrer noopener\">(www.agpd.es<\/a>).<\/p>\n\n<p><strong>Pouvez-vous retirer votre consentement si vous changez d&rsquo;avis ult\u00e9rieurement ?<\/strong><\/p>\n\n<p>Vous pouvez \u00e0 tout moment retirer votre consentement si vous changez d&rsquo;avis sur l&rsquo;utilisation de vos donn\u00e9es.<\/p>\n\n<p>Par exemple, si vous avez \u00e9t\u00e9 int\u00e9ress\u00e9 par la r\u00e9ception de publicit\u00e9 pour nos produits ou services, mais que vous ne souhaitez plus recevoir de publicit\u00e9, vous pouvez nous le faire savoir en remplissant le formulaire d&rsquo;opposition disponible dans nos bureaux.<\/p>\n","protected":false},"excerpt":{"rendered":"<p>Informations conformes \u00e0 la r\u00e9glementation en mati\u00e8re de protection des donn\u00e9es personnelles En Europe et en Espagne, il existe des r\u00e9glementations en mati\u00e8re de protection des donn\u00e9es con\u00e7ues pour prot\u00e9ger vos informations personnelles et qui sont obligatoires pour notre entreprise. Il est donc tr\u00e8s important pour nous que vous compreniez parfaitement ce que nous ferons [&hellip;]<\/p>\n","protected":false},"author":1,"featured_media":0,"parent":0,"menu_order":0,"comment_status":"closed","ping_status":"closed","template":"","meta":{"site-sidebar-layout":"default","site-content-layout":"","ast-site-content-layout":"","site-content-style":"default","site-sidebar-style":"default","ast-global-header-display":"","ast-banner-title-visibility":"","ast-main-header-display":"","ast-hfb-above-header-display":"","ast-hfb-below-header-display":"","ast-hfb-mobile-header-display":"","site-post-title":"","ast-breadcrumbs-content":"","ast-featured-img":"","footer-sml-layout":"","theme-transparent-header-meta":"","adv-header-id-meta":"","stick-header-meta":"","header-above-stick-meta":"","header-main-stick-meta":"","header-below-stick-meta":"","astra-migrate-meta-layouts":"default","ast-page-background-enabled":"default","ast-page-background-meta":{"desktop":{"background-color":"","background-image":"","background-repeat":"repeat","background-position":"center center","background-size":"auto","background-attachment":"scroll","background-type":"","background-media":"","overlay-type":"","overlay-color":"","overlay-opacity":"","overlay-gradient":""},"tablet":{"background-color":"","background-image":"","background-repeat":"repeat","background-position":"center center","background-size":"auto","background-attachment":"scroll","background-type":"","background-media":"","overlay-type":"","overlay-color":"","overlay-opacity":"","overlay-gradient":""},"mobile":{"background-color":"","background-image":"","background-repeat":"repeat","background-position":"center center","background-size":"auto","background-attachment":"scroll","background-type":"","background-media":"","overlay-type":"","overlay-color":"","overlay-opacity":"","overlay-gradient":""}},"ast-content-background-meta":{"desktop":{"background-color":"var(--ast-global-color-5)","background-image":"","background-repeat":"repeat","background-position":"center center","background-size":"auto","background-attachment":"scroll","background-type":"","background-media":"","overlay-type":"","overlay-color":"","overlay-opacity":"","overlay-gradient":""},"tablet":{"background-color":"var(--ast-global-color-5)","background-image":"","background-repeat":"repeat","background-position":"center center","background-size":"auto","background-attachment":"scroll","background-type":"","background-media":"","overlay-type":"","overlay-color":"","overlay-opacity":"","overlay-gradient":""},"mobile":{"background-color":"var(--ast-global-color-5)","background-image":"","background-repeat":"repeat","background-position":"center center","background-size":"auto","background-attachment":"scroll","background-type":"","background-media":"","overlay-type":"","overlay-color":"","overlay-opacity":"","overlay-gradient":""}},"footnotes":""},"class_list":["post-1110","page","type-page","status-publish","hentry"],"yoast_head":"<!-- This site is optimized with the Yoast SEO plugin v26.2 - https:\/\/yoast.com\/wordpress\/plugins\/seo\/ -->\n<title>Politique de protection des donn\u00e9es - PROYLAC - Protecciones y Lacados<\/title>\n<meta name=\"robots\" content=\"noindex, follow, max-snippet:-1, max-image-preview:large, max-video-preview:-1\" \/>\n<meta property=\"og:locale\" content=\"fr_FR\" \/>\n<meta property=\"og:type\" content=\"article\" \/>\n<meta property=\"og:title\" content=\"Politique de protection des donn\u00e9es - PROYLAC - Protecciones y Lacados\" \/>\n<meta property=\"og:description\" content=\"Informations conformes \u00e0 la r\u00e9glementation en mati\u00e8re de protection des donn\u00e9es personnelles En Europe et en Espagne, il existe des r\u00e9glementations en mati\u00e8re de protection des donn\u00e9es con\u00e7ues pour prot\u00e9ger vos informations personnelles et qui sont obligatoires pour notre entreprise. Il est donc tr\u00e8s important pour nous que vous compreniez parfaitement ce que nous ferons [&hellip;]\" \/>\n<meta property=\"og:url\" content=\"https:\/\/test.huelladelasuerte.es\/fr\/politique-de-protection-des-donnees\/\" \/>\n<meta property=\"og:site_name\" content=\"PROYLAC - Protecciones y Lacados\" \/>\n<meta property=\"article:modified_time\" content=\"2023-07-03T12:13:23+00:00\" \/>\n<meta name=\"twitter:card\" content=\"summary_large_image\" \/>\n<meta name=\"twitter:label1\" content=\"Dur\u00e9e de lecture estim\u00e9e\" \/>\n\t<meta name=\"twitter:data1\" content=\"6 minutes\" \/>\n<script type=\"application\/ld+json\" class=\"yoast-schema-graph\">{\"@context\":\"https:\/\/schema.org\",\"@graph\":[{\"@type\":\"WebPage\",\"@id\":\"https:\/\/test.huelladelasuerte.es\/fr\/politique-de-protection-des-donnees\/\",\"url\":\"https:\/\/test.huelladelasuerte.es\/fr\/politique-de-protection-des-donnees\/\",\"name\":\"Politique de protection des donn\u00e9es - PROYLAC - Protecciones y Lacados\",\"isPartOf\":{\"@id\":\"https:\/\/test.huelladelasuerte.es\/#website\"},\"datePublished\":\"2022-10-11T10:42:20+00:00\",\"dateModified\":\"2023-07-03T12:13:23+00:00\",\"breadcrumb\":{\"@id\":\"https:\/\/test.huelladelasuerte.es\/fr\/politique-de-protection-des-donnees\/#breadcrumb\"},\"inLanguage\":\"fr-FR\",\"potentialAction\":[{\"@type\":\"ReadAction\",\"target\":[\"https:\/\/test.huelladelasuerte.es\/fr\/politique-de-protection-des-donnees\/\"]}]},{\"@type\":\"BreadcrumbList\",\"@id\":\"https:\/\/test.huelladelasuerte.es\/fr\/politique-de-protection-des-donnees\/#breadcrumb\",\"itemListElement\":[{\"@type\":\"ListItem\",\"position\":1,\"name\":\"Portada\",\"item\":\"https:\/\/test.huelladelasuerte.es\/\"},{\"@type\":\"ListItem\",\"position\":2,\"name\":\"Politique de protection des donn\u00e9es\"}]},{\"@type\":\"WebSite\",\"@id\":\"https:\/\/test.huelladelasuerte.es\/#website\",\"url\":\"https:\/\/test.huelladelasuerte.es\/\",\"name\":\"PROYLAC - Protecciones y Lacados\",\"description\":\"Extrusi\u00f3n y lacado de aluminio\",\"publisher\":{\"@id\":\"https:\/\/test.huelladelasuerte.es\/#organization\"},\"potentialAction\":[{\"@type\":\"SearchAction\",\"target\":{\"@type\":\"EntryPoint\",\"urlTemplate\":\"https:\/\/test.huelladelasuerte.es\/?s={search_term_string}\"},\"query-input\":{\"@type\":\"PropertyValueSpecification\",\"valueRequired\":true,\"valueName\":\"search_term_string\"}}],\"inLanguage\":\"fr-FR\"},{\"@type\":\"Organization\",\"@id\":\"https:\/\/test.huelladelasuerte.es\/#organization\",\"name\":\"PROYLAC - Protecciones y Lacados\",\"url\":\"https:\/\/test.huelladelasuerte.es\/\",\"logo\":{\"@type\":\"ImageObject\",\"inLanguage\":\"fr-FR\",\"@id\":\"https:\/\/test.huelladelasuerte.es\/#\/schema\/logo\/image\/\",\"url\":\"https:\/\/test.huelladelasuerte.es\/wp-content\/uploads\/cropped-Proylac-Extrusion.png\",\"contentUrl\":\"https:\/\/test.huelladelasuerte.es\/wp-content\/uploads\/cropped-Proylac-Extrusion.png\",\"width\":552,\"height\":237,\"caption\":\"PROYLAC - Protecciones y Lacados\"},\"image\":{\"@id\":\"https:\/\/test.huelladelasuerte.es\/#\/schema\/logo\/image\/\"}}]}<\/script>\n<!-- \/ Yoast SEO plugin. -->","yoast_head_json":{"title":"Politique de protection des donn\u00e9es - PROYLAC - Protecciones y Lacados","robots":{"index":"noindex","follow":"follow","max-snippet":"max-snippet:-1","max-image-preview":"max-image-preview:large","max-video-preview":"max-video-preview:-1"},"og_locale":"fr_FR","og_type":"article","og_title":"Politique de protection des donn\u00e9es - PROYLAC - Protecciones y Lacados","og_description":"Informations conformes \u00e0 la r\u00e9glementation en mati\u00e8re de protection des donn\u00e9es personnelles En Europe et en Espagne, il existe des r\u00e9glementations en mati\u00e8re de protection des donn\u00e9es con\u00e7ues pour prot\u00e9ger vos informations personnelles et qui sont obligatoires pour notre entreprise. Il est donc tr\u00e8s important pour nous que vous compreniez parfaitement ce que nous ferons [&hellip;]","og_url":"https:\/\/test.huelladelasuerte.es\/fr\/politique-de-protection-des-donnees\/","og_site_name":"PROYLAC - Protecciones y Lacados","article_modified_time":"2023-07-03T12:13:23+00:00","twitter_card":"summary_large_image","twitter_misc":{"Dur\u00e9e de lecture estim\u00e9e":"6 minutes"},"schema":{"@context":"https:\/\/schema.org","@graph":[{"@type":"WebPage","@id":"https:\/\/test.huelladelasuerte.es\/fr\/politique-de-protection-des-donnees\/","url":"https:\/\/test.huelladelasuerte.es\/fr\/politique-de-protection-des-donnees\/","name":"Politique de protection des donn\u00e9es - PROYLAC - Protecciones y Lacados","isPartOf":{"@id":"https:\/\/test.huelladelasuerte.es\/#website"},"datePublished":"2022-10-11T10:42:20+00:00","dateModified":"2023-07-03T12:13:23+00:00","breadcrumb":{"@id":"https:\/\/test.huelladelasuerte.es\/fr\/politique-de-protection-des-donnees\/#breadcrumb"},"inLanguage":"fr-FR","potentialAction":[{"@type":"ReadAction","target":["https:\/\/test.huelladelasuerte.es\/fr\/politique-de-protection-des-donnees\/"]}]},{"@type":"BreadcrumbList","@id":"https:\/\/test.huelladelasuerte.es\/fr\/politique-de-protection-des-donnees\/#breadcrumb","itemListElement":[{"@type":"ListItem","position":1,"name":"Portada","item":"https:\/\/test.huelladelasuerte.es\/"},{"@type":"ListItem","position":2,"name":"Politique de protection des donn\u00e9es"}]},{"@type":"WebSite","@id":"https:\/\/test.huelladelasuerte.es\/#website","url":"https:\/\/test.huelladelasuerte.es\/","name":"PROYLAC - Protecciones y Lacados","description":"Extrusi\u00f3n y lacado de aluminio","publisher":{"@id":"https:\/\/test.huelladelasuerte.es\/#organization"},"potentialAction":[{"@type":"SearchAction","target":{"@type":"EntryPoint","urlTemplate":"https:\/\/test.huelladelasuerte.es\/?s={search_term_string}"},"query-input":{"@type":"PropertyValueSpecification","valueRequired":true,"valueName":"search_term_string"}}],"inLanguage":"fr-FR"},{"@type":"Organization","@id":"https:\/\/test.huelladelasuerte.es\/#organization","name":"PROYLAC - Protecciones y Lacados","url":"https:\/\/test.huelladelasuerte.es\/","logo":{"@type":"ImageObject","inLanguage":"fr-FR","@id":"https:\/\/test.huelladelasuerte.es\/#\/schema\/logo\/image\/","url":"https:\/\/test.huelladelasuerte.es\/wp-content\/uploads\/cropped-Proylac-Extrusion.png","contentUrl":"https:\/\/test.huelladelasuerte.es\/wp-content\/uploads\/cropped-Proylac-Extrusion.png","width":552,"height":237,"caption":"PROYLAC - Protecciones y Lacados"},"image":{"@id":"https:\/\/test.huelladelasuerte.es\/#\/schema\/logo\/image\/"}}]}},"_links":{"self":[{"href":"https:\/\/test.huelladelasuerte.es\/fr\/wp-json\/wp\/v2\/pages\/1110","targetHints":{"allow":["GET"]}}],"collection":[{"href":"https:\/\/test.huelladelasuerte.es\/fr\/wp-json\/wp\/v2\/pages"}],"about":[{"href":"https:\/\/test.huelladelasuerte.es\/fr\/wp-json\/wp\/v2\/types\/page"}],"author":[{"embeddable":true,"href":"https:\/\/test.huelladelasuerte.es\/fr\/wp-json\/wp\/v2\/users\/1"}],"replies":[{"embeddable":true,"href":"https:\/\/test.huelladelasuerte.es\/fr\/wp-json\/wp\/v2\/comments?post=1110"}],"version-history":[{"count":1,"href":"https:\/\/test.huelladelasuerte.es\/fr\/wp-json\/wp\/v2\/pages\/1110\/revisions"}],"predecessor-version":[{"id":1114,"href":"https:\/\/test.huelladelasuerte.es\/fr\/wp-json\/wp\/v2\/pages\/1110\/revisions\/1114"}],"wp:attachment":[{"href":"https:\/\/test.huelladelasuerte.es\/fr\/wp-json\/wp\/v2\/media?parent=1110"}],"curies":[{"name":"wp","href":"https:\/\/api.w.org\/{rel}","templated":true}]}}